{"id":724,"date":"2024-01-03T22:21:43","date_gmt":"2024-01-03T22:21:43","guid":{"rendered":"https:\/\/www.botigablanquerna.com\/contacto\/"},"modified":"2024-03-21T14:23:26","modified_gmt":"2024-03-21T14:23:26","slug":"contacto","status":"publish","type":"page","link":"https:\/\/www.botigablanquerna.com\/es\/contacto\/","title":{"rendered":"Contacto"},"content":{"rendered":"\t\t<div data-elementor-type=\"wp-page\" data-elementor-id=\"724\" class=\"elementor elementor-724 elementor-28\">\n\t\t\t\t<div class=\"elementor-element elementor-element-e36c7ea e-flex e-con-boxed e-con e-parent\" data-id=\"e36c7ea\" data-element_type=\"container\" data-e-type=\"container\">\n\t\t\t\t\t<div class=\"e-con-inner\">\n\t\t\t\t<div class=\"elementor-element elementor-element-6b54c49 elementor-widget elementor-widget-spacer\" data-id=\"6b54c49\" data-element_type=\"widget\" data-e-type=\"widget\" data-widget_type=\"spacer.default\">\n\t\t\t\t<div class=\"elementor-widget-container\">\n\t\t\t\t\t\t\t<div class=\"elementor-spacer\">\n\t\t\t<div class=\"elementor-spacer-inner\"><\/div>\n\t\t<\/div>\n\t\t\t\t\t\t<\/div>\n\t\t\t\t<\/div>\n\t\t\t\t<div class=\"elementor-element elementor-element-33fcb2c elementor-widget elementor-widget-heading\" data-id=\"33fcb2c\" data-element_type=\"widget\" data-e-type=\"widget\" data-widget_type=\"heading.default\">\n\t\t\t\t<div class=\"elementor-widget-container\">\n\t\t\t\t\t<h2 class=\"elementor-heading-title elementor-size-default\">Contacto<\/h2>\t\t\t\t<\/div>\n\t\t\t\t<\/div>\n\t\t\t\t\t<\/div>\n\t\t\t\t<\/div>\n\t\t<div class=\"elementor-element elementor-element-ff6bfb5 e-flex e-con-boxed e-con e-parent\" data-id=\"ff6bfb5\" data-element_type=\"container\" data-e-type=\"container\">\n\t\t\t\t\t<div class=\"e-con-inner\">\n\t\t\t\t<div class=\"elementor-element elementor-element-02cc030 elementor-widget elementor-widget-shortcode\" data-id=\"02cc030\" data-element_type=\"widget\" data-e-type=\"widget\" data-widget_type=\"shortcode.default\">\n\t\t\t\t<div class=\"elementor-widget-container\">\n\t\t\t\t\t\t\t<div class=\"elementor-shortcode\"><style id=\"wpforms-css-vars-1155\">\n\t\t\t\t#wpforms-1155 {\n\t\t\t\t\n\t\t\t}\n\t\t\t<\/style><div class=\"wpforms-container wpforms-container-full wpforms-render-modern\" id=\"wpforms-1155\"><form id=\"wpforms-form-1155\" class=\"wpforms-validate wpforms-form wpforms-ajax-form\" data-formid=\"1155\" method=\"post\" enctype=\"multipart\/form-data\" action=\"\/es\/wp-json\/wp\/v2\/pages\/724\" data-token=\"99178a356008e904f3f0acee85aef771\" data-token-time=\"1777806003\"><noscript class=\"wpforms-error-noscript\">Por favor, activa JavaScript en tu navegador para completar este formulario.<\/noscript><div id=\"wpforms-error-noscript\" style=\"display: none;\">Por favor, activa JavaScript en tu navegador para completar este formulario.<\/div><div class=\"wpforms-field-container\"><div id=\"wpforms-1155-field_2-container\" class=\"wpforms-field wpforms-field-text wpforms-one-half wpforms-first\" data-field-id=\"2\"><label class=\"wpforms-field-label\" for=\"wpforms-1155-field_2\">Nombre <span class=\"wpforms-required-label\" aria-hidden=\"true\">*<\/span><\/label><input type=\"text\" id=\"wpforms-1155-field_2\" class=\"wpforms-field-medium wpforms-field-required\" name=\"wpforms[fields][2]\" aria-errormessage=\"wpforms-1155-field_2-error\" required><\/div><div id=\"wpforms-1155-field_3-container\" class=\"wpforms-field wpforms-field-text wpforms-one-half wpforms-first\" data-field-id=\"3\"><label class=\"wpforms-field-label\" for=\"wpforms-1155-field_3\">Tel\u00e9fono <span class=\"wpforms-required-label\" aria-hidden=\"true\">*<\/span><\/label><input type=\"text\" id=\"wpforms-1155-field_3\" class=\"wpforms-field-medium wpforms-field-required\" name=\"wpforms[fields][3]\" aria-errormessage=\"wpforms-1155-field_3-error\" required><\/div><div id=\"wpforms-1155-field_4-container\" class=\"wpforms-field wpforms-field-email wpforms-one-half wpforms-first\" data-field-id=\"4\"><label class=\"wpforms-field-label\" for=\"wpforms-1155-field_4\">Correo electr\u00f3nico <span class=\"wpforms-required-label\" aria-hidden=\"true\">*<\/span><\/label><input type=\"email\" id=\"wpforms-1155-field_4\" class=\"wpforms-field-medium wpforms-field-required\" name=\"wpforms[fields][4]\" spellcheck=\"false\" aria-errormessage=\"wpforms-1155-field_4-error\" required><\/div><div id=\"wpforms-1155-field_5-container\" class=\"wpforms-field wpforms-field-text wpforms-one-half wpforms-first\" data-field-id=\"5\"><label class=\"wpforms-field-label\" for=\"wpforms-1155-field_5\">N\u00famero de pedido<\/label><input type=\"text\" id=\"wpforms-1155-field_5\" class=\"wpforms-field-medium\" name=\"wpforms[fields][5]\" aria-errormessage=\"wpforms-1155-field_5-error\" ><\/div><div id=\"wpforms-1155-field_6-container\" class=\"wpforms-field wpforms-field-textarea\" data-field-id=\"6\"><label class=\"wpforms-field-label\" for=\"wpforms-1155-field_6\">Mensaje <span class=\"wpforms-required-label\" aria-hidden=\"true\">*<\/span><\/label><textarea id=\"wpforms-1155-field_6\" class=\"wpforms-field-medium wpforms-field-required\" name=\"wpforms[fields][6]\" aria-errormessage=\"wpforms-1155-field_6-error\" required><\/textarea><\/div><div id=\"wpforms-1155-field_7-container\" class=\"wpforms-field wpforms-field-checkbox\" data-field-id=\"7\"><fieldset><legend class=\"wpforms-field-label\">  <span class=\"wpforms-required-label\" aria-hidden=\"true\">*<\/span><\/legend><ul id=\"wpforms-1155-field_7\" class=\"wpforms-field-required\"><li class=\"choice-1 depth-1\"><input type=\"checkbox\" id=\"wpforms-1155-field_7_1\" name=\"wpforms[fields][7][]\" value=\"Acepto la &lt;a href=&quot;https:\/\/www.botigablanquerna.com\/es\/politica-de-privacidad\/&quot;&gt;pol\u00edtica de privacidad&lt;\/a&gt;.\" aria-errormessage=\"wpforms-1155-field_7_1-error\" required ><label class=\"wpforms-field-label-inline\" for=\"wpforms-1155-field_7_1\">Acepto la <a href=\"https:\/\/www.botigablanquerna.com\/es\/politica-de-privacidad\/\">pol\u00edtica de privacidad<\/a>.<\/label><\/li><\/ul><\/fieldset><\/div><\/div><!-- .wpforms-field-container --><div class=\"wpforms-submit-container\" ><input type=\"hidden\" name=\"wpforms[id]\" value=\"1155\"><input type=\"hidden\" name=\"page_title\" value=\"\"><input type=\"hidden\" name=\"page_url\" value=\"https:\/\/www.botigablanquerna.com\/es\/wp-json\/wp\/v2\/pages\/724\"><input type=\"hidden\" name=\"url_referer\" value=\"\"><button type=\"submit\" name=\"wpforms[submit]\" id=\"wpforms-submit-1155\" class=\"wpforms-submit\" data-alt-text=\"Enviando...\" data-submit-text=\"Enviar\" aria-live=\"assertive\" value=\"wpforms-submit\">Enviar<\/button><img decoding=\"async\" src=\"https:\/\/www.botigablanquerna.com\/wp-content\/plugins\/wpforms-lite\/assets\/images\/submit-spin.svg\" class=\"wpforms-submit-spinner\" style=\"display: none;\" width=\"26\" height=\"26\" alt=\"Cargando\"><\/div><\/form><\/div>  <!-- .wpforms-container --><\/div>\n\t\t\t\t\t\t<\/div>\n\t\t\t\t<\/div>\n\t\t\t\t\t<\/div>\n\t\t\t\t<\/div>\n\t\t<div class=\"elementor-element elementor-element-a85e5e3 e-flex e-con-boxed e-con e-parent\" data-id=\"a85e5e3\" data-element_type=\"container\" data-e-type=\"container\">\n\t\t\t\t\t<div class=\"e-con-inner\">\n\t\t\t\t<div class=\"elementor-element elementor-element-a6608bc elementor-widget elementor-widget-text-editor\" data-id=\"a6608bc\" data-element_type=\"widget\" data-e-type=\"widget\" data-widget_type=\"text-editor.default\">\n\t\t\t\t<div class=\"elementor-widget-container\">\n\t\t\t\t\t\t\t\t\t<p>De acuerdo con lo que establece la normativa vigente en materia de protecci\u00f3n de datos de car\u00e1cter personal, te informamos de que tus datos se incorporar\u00e1n al sistema de tratamiento titularidad de Empresa de Servicios de Promoci\u00f3n y Publicidad Emede, SL, con CIF B58624180 y domicilio social situado en la calle Nicaragua, 78-82, bajos, local 1, 08029, Barcelona (Espa\u00f1a), con el fin de atender tus consultas y remitirte informaci\u00f3n relacionada que te pueda interesar. En cumplimiento de la normativa vigente, Empresa de Servicios de Promoci\u00f3n y Publicidad Emede, SL, informa que los datos se conservar\u00e1n durante el plazo estrictamente necesario para cumplir con los preceptos mencionados anteriormente. Mientras no nos comuniques lo contrario, se entiende que tus datos no han sido modificados, que te comprometes a notificarnos cualquier variaci\u00f3n y que tenemos tu consentimiento para utilizarlos para los fines mencionados. Empresa de Servicios de Promoci\u00f3n y Publicidad Emede, SL, informa que tratar\u00e1 los datos de forma l\u00edcita, leal, transparente, adecuada, pertinente, limitada, exacta y actualizada. De esta forma, se compromete a adoptar todas las medidas razonables para que los datos se supriman o se rectifiquen sin dilaci\u00f3n cuando sean inexactos. De acuerdo con los derechos que te confiere la normativa vigente en materia de protecci\u00f3n de datos, puedes ejercitar los derechos de acceso, rectificaci\u00f3n, limitaci\u00f3n de tratamiento, supresi\u00f3n, portabilidad y oposici\u00f3n al tratamiento de tus datos de car\u00e1cter personal, as\u00ed como el derecho de consentimiento prestado para poder tratarlas, dirigiendo tu petici\u00f3n a la direcci\u00f3n postal arriba indicada o al correo electr\u00f3nico administracion@emede.com. Asimismo, te informamos que puedes contactar con el delegado de protecci\u00f3n de datos de Empresa de Servicios de Promoci\u00f3n y Publicidad Emede, SL, dirigi\u00e9ndote por escrito a la direcci\u00f3n electr\u00f3nica dpo.cliente@conversia.es o al tel\u00e9fono 902877192. Del mismo modo, puedes dirigirte a la autoridad de control competente para presentar la reclamaci\u00f3n que consideres oportuna. Con el env\u00edo del formulario de recogida de datos, aceptas la pol\u00edtica de privacidad de Empresa de Servicios de Promoci\u00f3n y Publicidad Emede, SL<\/p>\n\t\t\t\t\t\t\t\t<\/div>\n\t\t\t\t<\/div>\n\t\t\t\t\t<\/div>\n\t\t\t\t<\/div>\n\t\t\t\t<\/div>\n\t\t","protected":false},"excerpt":{"rendered":"<p>Contacto De acuerdo con lo que establece la normativa vigente en materia de protecci\u00f3n de datos de car\u00e1cter personal, te informamos de que tus datos se incorporar\u00e1n al sistema de tratamiento titularidad de Empresa de Servicios de Promoci\u00f3n y Publicidad Emede, SL, con CIF B58624180 y domicilio social situado en la calle Nicaragua, 78-82, bajos, [&hellip;]<\/p>\n","protected":false},"author":1,"featured_media":0,"parent":0,"menu_order":0,"comment_status":"closed","ping_status":"closed","template":"","meta":{"ocean_post_layout":"","ocean_both_sidebars_style":"","ocean_both_sidebars_content_width":0,"ocean_both_sidebars_sidebars_width":0,"ocean_sidebar":"","ocean_second_sidebar":"","ocean_disable_margins":"enable","ocean_add_body_class":"","ocean_shortcode_before_top_bar":"","ocean_shortcode_after_top_bar":"","ocean_shortcode_before_header":"","ocean_shortcode_after_header":"","ocean_has_shortcode":"","ocean_shortcode_after_title":"","ocean_shortcode_before_footer_widgets":"","ocean_shortcode_after_footer_widgets":"","ocean_shortcode_before_footer_bottom":"","ocean_shortcode_after_footer_bottom":"","ocean_display_top_bar":"default","ocean_display_header":"default","ocean_header_style":"","ocean_center_header_left_menu":"","ocean_custom_header_template":"","ocean_custom_logo":0,"ocean_custom_retina_logo":0,"ocean_custom_logo_max_width":0,"ocean_custom_logo_tablet_max_width":0,"ocean_custom_logo_mobile_max_width":0,"ocean_custom_logo_max_height":0,"ocean_custom_logo_tablet_max_height":0,"ocean_custom_logo_mobile_max_height":0,"ocean_header_custom_menu":"","ocean_menu_typo_font_family":"","ocean_menu_typo_font_subset":"","ocean_menu_typo_font_size":0,"ocean_menu_typo_font_size_tablet":0,"ocean_menu_typo_font_size_mobile":0,"ocean_menu_typo_font_size_unit":"px","ocean_menu_typo_font_weight":"","ocean_menu_typo_font_weight_tablet":"","ocean_menu_typo_font_weight_mobile":"","ocean_menu_typo_transform":"","ocean_menu_typo_transform_tablet":"","ocean_menu_typo_transform_mobile":"","ocean_menu_typo_line_height":0,"ocean_menu_typo_line_height_tablet":0,"ocean_menu_typo_line_height_mobile":0,"ocean_menu_typo_line_height_unit":"","ocean_menu_typo_spacing":0,"ocean_menu_typo_spacing_tablet":0,"ocean_menu_typo_spacing_mobile":0,"ocean_menu_typo_spacing_unit":"","ocean_menu_link_color":"","ocean_menu_link_color_hover":"","ocean_menu_link_color_active":"","ocean_menu_link_background":"","ocean_menu_link_hover_background":"","ocean_menu_link_active_background":"","ocean_menu_social_links_bg":"","ocean_menu_social_hover_links_bg":"","ocean_menu_social_links_color":"","ocean_menu_social_hover_links_color":"","ocean_disable_title":"default","ocean_disable_heading":"default","ocean_post_title":"","ocean_post_subheading":"","ocean_post_title_style":"","ocean_post_title_background_color":"","ocean_post_title_background":0,"ocean_post_title_bg_image_position":"","ocean_post_title_bg_image_attachment":"","ocean_post_title_bg_image_repeat":"","ocean_post_title_bg_image_size":"","ocean_post_title_height":0,"ocean_post_title_bg_overlay":0.5,"ocean_post_title_bg_overlay_color":"","ocean_disable_breadcrumbs":"default","ocean_breadcrumbs_color":"","ocean_breadcrumbs_separator_color":"","ocean_breadcrumbs_links_color":"","ocean_breadcrumbs_links_hover_color":"","ocean_display_footer_widgets":"default","ocean_display_footer_bottom":"default","ocean_custom_footer_template":"","footnotes":""},"class_list":["post-724","page","type-page","status-publish","hentry","entry","owp-thumbs-layout-horizontal","owp-btn-normal","owp-tabs-layout-horizontal","has-no-thumbnails"],"_links":{"self":[{"href":"https:\/\/www.botigablanquerna.com\/es\/wp-json\/wp\/v2\/pages\/724","targetHints":{"allow":["GET"]}}],"collection":[{"href":"https:\/\/www.botigablanquerna.com\/es\/wp-json\/wp\/v2\/pages"}],"about":[{"href":"https:\/\/www.botigablanquerna.com\/es\/wp-json\/wp\/v2\/types\/page"}],"author":[{"embeddable":true,"href":"https:\/\/www.botigablanquerna.com\/es\/wp-json\/wp\/v2\/users\/1"}],"replies":[{"embeddable":true,"href":"https:\/\/www.botigablanquerna.com\/es\/wp-json\/wp\/v2\/comments?post=724"}],"version-history":[{"count":10,"href":"https:\/\/www.botigablanquerna.com\/es\/wp-json\/wp\/v2\/pages\/724\/revisions"}],"predecessor-version":[{"id":1167,"href":"https:\/\/www.botigablanquerna.com\/es\/wp-json\/wp\/v2\/pages\/724\/revisions\/1167"}],"wp:attachment":[{"href":"https:\/\/www.botigablanquerna.com\/es\/wp-json\/wp\/v2\/media?parent=724"}],"curies":[{"name":"wp","href":"https:\/\/api.w.org\/{rel}","templated":true}]}}