{"id":764,"date":"2024-01-09T21:16:27","date_gmt":"2024-01-09T21:16:27","guid":{"rendered":"https:\/\/www.botigablanquerna.com\/compromiso-ecologico\/"},"modified":"2024-03-17T17:52:09","modified_gmt":"2024-03-17T17:52:09","slug":"compromiso-ecologico","status":"publish","type":"page","link":"https:\/\/www.botigablanquerna.com\/es\/compromiso-ecologico\/","title":{"rendered":"Compromiso ecol\u00f3gico"},"content":{"rendered":"\t\t<div data-elementor-type=\"wp-page\" data-elementor-id=\"764\" class=\"elementor elementor-764 elementor-146\">\n\t\t\t\t<div class=\"elementor-element elementor-element-41f015b e-flex e-con-boxed e-con e-parent\" data-id=\"41f015b\" data-element_type=\"container\" data-e-type=\"container\">\n\t\t\t\t\t<div class=\"e-con-inner\">\n\t\t\t\t<div class=\"elementor-element elementor-element-7be8486 elementor-widget elementor-widget-spacer\" data-id=\"7be8486\" data-element_type=\"widget\" data-e-type=\"widget\" data-widget_type=\"spacer.default\">\n\t\t\t\t<div class=\"elementor-widget-container\">\n\t\t\t\t\t\t\t<div class=\"elementor-spacer\">\n\t\t\t<div class=\"elementor-spacer-inner\"><\/div>\n\t\t<\/div>\n\t\t\t\t\t\t<\/div>\n\t\t\t\t<\/div>\n\t\t\t\t<div class=\"elementor-element elementor-element-ade34ba elementor-widget elementor-widget-heading\" data-id=\"ade34ba\" data-element_type=\"widget\" data-e-type=\"widget\" data-widget_type=\"heading.default\">\n\t\t\t\t<div class=\"elementor-widget-container\">\n\t\t\t\t\t<h2 class=\"elementor-heading-title elementor-size-default\">Compromiso ecol\u00f3gico<\/h2>\t\t\t\t<\/div>\n\t\t\t\t<\/div>\n\t\t\t\t<div class=\"elementor-element elementor-element-0cad88c elementor-widget elementor-widget-spacer\" data-id=\"0cad88c\" data-element_type=\"widget\" data-e-type=\"widget\" data-widget_type=\"spacer.default\">\n\t\t\t\t<div class=\"elementor-widget-container\">\n\t\t\t\t\t\t\t<div class=\"elementor-spacer\">\n\t\t\t<div class=\"elementor-spacer-inner\"><\/div>\n\t\t<\/div>\n\t\t\t\t\t\t<\/div>\n\t\t\t\t<\/div>\n\t\t\t\t\t<\/div>\n\t\t\t\t<\/div>\n\t\t<div class=\"elementor-element elementor-element-65ae7c0 e-flex e-con-boxed e-con e-parent\" data-id=\"65ae7c0\" data-element_type=\"container\" data-e-type=\"container\">\n\t\t\t\t\t<div class=\"e-con-inner\">\n\t\t<div class=\"elementor-element elementor-element-3b32e51 e-con-full e-flex e-con e-child\" data-id=\"3b32e51\" data-element_type=\"container\" data-e-type=\"container\">\n\t\t\t\t<div class=\"elementor-element elementor-element-449e22b elementor-position-left elementor-vertical-align-top elementor-widget elementor-widget-image-box\" data-id=\"449e22b\" data-element_type=\"widget\" data-e-type=\"widget\" data-widget_type=\"image-box.default\">\n\t\t\t\t<div class=\"elementor-widget-container\">\n\t\t\t\t\t<div class=\"elementor-image-box-wrapper\"><figure class=\"elementor-image-box-img\"><img decoding=\"async\" src=\"https:\/\/www.botigablanquerna.com\/wp-content\/uploads\/2024\/01\/icono-botella.png\" title=\"icono-botella\" alt=\"icono-botella\" loading=\"lazy\" \/><\/figure><div class=\"elementor-image-box-content\"><h3 class=\"elementor-image-box-title\">rPET<\/h3><p class=\"elementor-image-box-description\">El PET reciclado, rPET o poli\u00e9ster reciclado es un material obtenido a partir del reciclaje de materiales sobrantes. Mayoritariamente proviene del reciclaje de botellas de PET y, en menor medida, de restos industriales de poli\u00e9ster o de ropa.<\/p><\/div><\/div>\t\t\t\t<\/div>\n\t\t\t\t<\/div>\n\t\t\t\t<\/div>\n\t\t<div class=\"elementor-element elementor-element-4bd3a3a e-con-full e-flex e-con e-child\" data-id=\"4bd3a3a\" data-element_type=\"container\" data-e-type=\"container\">\n\t\t\t\t<div class=\"elementor-element elementor-element-d243a11 elementor-position-left elementor-vertical-align-top elementor-widget elementor-widget-image-box\" data-id=\"d243a11\" data-element_type=\"widget\" data-e-type=\"widget\" data-widget_type=\"image-box.default\">\n\t\t\t\t<div class=\"elementor-widget-container\">\n\t\t\t\t\t<div class=\"elementor-image-box-wrapper\"><figure class=\"elementor-image-box-img\"><img decoding=\"async\" src=\"https:\/\/www.botigablanquerna.com\/wp-content\/uploads\/2024\/01\/icono-vegan.png\" title=\"icono-vegan\" alt=\"icono-vegan\" loading=\"lazy\" \/><\/figure><div class=\"elementor-image-box-content\"><h3 class=\"elementor-image-box-title\">Vegano<\/h3><p class=\"elementor-image-box-description\">Acredita que el producto no contiene ingrediente animal y que est\u00e1 comprobado mediante diversas evaluaciones de conformidad y pruebas en su producci\u00f3n de que ning\u00fan animal est\u00e1 expuesto a ninguna explotaci\u00f3n<\/p><\/div><\/div>\t\t\t\t<\/div>\n\t\t\t\t<\/div>\n\t\t\t\t<\/div>\n\t\t\t\t\t<\/div>\n\t\t\t\t<\/div>\n\t\t<div class=\"elementor-element elementor-element-ee822f2 e-flex e-con-boxed e-con e-parent\" data-id=\"ee822f2\" data-element_type=\"container\" data-e-type=\"container\">\n\t\t\t\t\t<div class=\"e-con-inner\">\n\t\t<div class=\"elementor-element elementor-element-06c5ee6 e-con-full e-flex e-con e-child\" data-id=\"06c5ee6\" data-element_type=\"container\" data-e-type=\"container\">\n\t\t\t\t<div class=\"elementor-element elementor-element-c2e48dd elementor-position-left elementor-vertical-align-top elementor-widget elementor-widget-image-box\" data-id=\"c2e48dd\" data-element_type=\"widget\" data-e-type=\"widget\" data-widget_type=\"image-box.default\">\n\t\t\t\t<div class=\"elementor-widget-container\">\n\t\t\t\t\t<div class=\"elementor-image-box-wrapper\"><figure class=\"elementor-image-box-img\"><img decoding=\"async\" src=\"https:\/\/www.botigablanquerna.com\/wp-content\/uploads\/2024\/01\/icono-algodon-organico.jpg\" title=\"icono-algodon-organico\" alt=\"icono-algodon-organico\" loading=\"lazy\" \/><\/figure><div class=\"elementor-image-box-content\"><h3 class=\"elementor-image-box-title\">Algod\u00f3n org\u00e1nico<\/h3><p class=\"elementor-image-box-description\">Cultivado usando m\u00e9todos sostenibles con bajo impacto para el medio ambiente. La no utilizaci\u00f3n de insecticidas, fertilizantes u otros productos qu\u00edmicos en el proceso de hilado y producci\u00f3n da como resultado un tejido c\u00f3modo, 100% derivado de plantas e hipoalerg\u00e9nico, de alta sostenibilidad en la cadena de suministro, en un tono natural que reivindica la agricultura tradicional.<\/p><\/div><\/div>\t\t\t\t<\/div>\n\t\t\t\t<\/div>\n\t\t\t\t<\/div>\n\t\t<div class=\"elementor-element elementor-element-bff6817 e-con-full e-flex e-con e-child\" data-id=\"bff6817\" data-element_type=\"container\" data-e-type=\"container\">\n\t\t\t\t<div class=\"elementor-element elementor-element-fc1dc80 elementor-position-left elementor-vertical-align-top elementor-widget elementor-widget-image-box\" data-id=\"fc1dc80\" data-element_type=\"widget\" data-e-type=\"widget\" data-widget_type=\"image-box.default\">\n\t\t\t\t<div class=\"elementor-widget-container\">\n\t\t\t\t\t<div class=\"elementor-image-box-wrapper\"><figure class=\"elementor-image-box-img\"><img decoding=\"async\" src=\"https:\/\/www.botigablanquerna.com\/wp-content\/uploads\/2024\/01\/icono-poliester-reciclado.jpg\" title=\"icono-poliester-reciclado\" alt=\"icono-poliester-reciclado\" loading=\"lazy\" \/><\/figure><div class=\"elementor-image-box-content\"><h3 class=\"elementor-image-box-title\">Poli\u00e9ster reciclado<\/h3><p class=\"elementor-image-box-description\">Se utiliza tanto para la fabricaci\u00f3n de envases como para la creaci\u00f3n de prendas. Despu\u00e9s de un proceso de reciclaje -que no implica la extracci\u00f3n de petr\u00f3leo- se producen los hilos con los que se elaborar\u00e1 el poli\u00e9ster reciclado y se tejer\u00e1n las piezas ecol\u00f3gicas.<\/p><\/div><\/div>\t\t\t\t<\/div>\n\t\t\t\t<\/div>\n\t\t\t\t<\/div>\n\t\t\t\t\t<\/div>\n\t\t\t\t<\/div>\n\t\t<div class=\"elementor-element elementor-element-8761f3d e-flex e-con-boxed e-con e-parent\" data-id=\"8761f3d\" data-element_type=\"container\" data-e-type=\"container\">\n\t\t\t\t\t<div class=\"e-con-inner\">\n\t\t\t\t<div class=\"elementor-element elementor-element-a4a2143 elementor-position-left elementor-vertical-align-top elementor-widget elementor-widget-image-box\" data-id=\"a4a2143\" data-element_type=\"widget\" data-e-type=\"widget\" data-widget_type=\"image-box.default\">\n\t\t\t\t<div class=\"elementor-widget-container\">\n\t\t\t\t\t<div class=\"elementor-image-box-wrapper\"><figure class=\"elementor-image-box-img\"><img decoding=\"async\" src=\"https:\/\/www.botigablanquerna.com\/wp-content\/uploads\/2024\/01\/icono-GOTS_grey.png\" title=\"icono-GOTS_grey\" alt=\"icono-GOTS_grey\" loading=\"lazy\" \/><\/figure><div class=\"elementor-image-box-content\"><h3 class=\"elementor-image-box-title\">GATOS<\/h3><p class=\"elementor-image-box-description\">Es el est\u00e1ndar por el que se aprueba que los tejidos y textiles est\u00e1n hechos de fibras org\u00e1nicas. S\u00f3lo los textiles fabricados con un 70% de fibras org\u00e1nicas pueden obtener este tipo de certificaci\u00f3n. El objetivo del GOTS es definir los requisitos reconocidos a nivel mundial que aseguran el estado org\u00e1nico de los textiles, desde la recolecci\u00f3n de las materias primas, incluyendo la fabricaci\u00f3n responsable desde el punto de vista ambiental, social y hasta el etiquetado para proporcionar una garant\u00eda cre\u00edble al consumidor final; es decir, su mirada est\u00e1 puesta en generar confianza y transparencia de toda la cadena de proveedores. Los procesadores y fabricantes de textiles est\u00e1n habilitados para exportar sus telas y prendas org\u00e1nicas con una certificaci\u00f3n aceptada a todos los mercados principales.<\/p><\/div><\/div>\t\t\t\t<\/div>\n\t\t\t\t<\/div>\n\t\t\t\t\t<\/div>\n\t\t\t\t<\/div>\n\t\t<div class=\"elementor-element elementor-element-5deccdc e-flex e-con-boxed e-con e-parent\" data-id=\"5deccdc\" data-element_type=\"container\" data-e-type=\"container\">\n\t\t\t\t\t<div class=\"e-con-inner\">\n\t\t<div class=\"elementor-element elementor-element-11d22d2 e-con-full e-flex e-con e-child\" data-id=\"11d22d2\" data-element_type=\"container\" data-e-type=\"container\">\n\t\t\t\t<div class=\"elementor-element elementor-element-63e450e elementor-position-left elementor-vertical-align-top elementor-widget elementor-widget-image-box\" data-id=\"63e450e\" data-element_type=\"widget\" data-e-type=\"widget\" data-widget_type=\"image-box.default\">\n\t\t\t\t<div class=\"elementor-widget-container\">\n\t\t\t\t\t<div class=\"elementor-image-box-wrapper\"><figure class=\"elementor-image-box-img\"><img decoding=\"async\" src=\"https:\/\/www.botigablanquerna.com\/wp-content\/uploads\/2024\/01\/icono-oetko-grey.webp\" title=\"icono-oetko-grey\" alt=\"icono-oetko-grey\" loading=\"lazy\" \/><\/figure><div class=\"elementor-image-box-content\"><h3 class=\"elementor-image-box-title\">OEKO-TEX Standard 100<\/h3><p class=\"elementor-image-box-description\">La etiqueta ecol\u00f3gica m\u00e1s utilizada en el mundo para garantizar que los productos han sido analizados frente a m\u00e1s de 300 sustancias nocivas. La certificaci\u00f3n se basa en el cat\u00e1logo de criterios OEKO-TEX\u00ae con fundamento cient\u00edfico y pruebas de laboratorio neutrales, atendiendo a numerosas sustancias, tanto reguladas como no reguladas, que podr\u00edan ser perjudiciales para la salud, as\u00ed como par\u00e1metros preventivos.<\/p><\/div><\/div>\t\t\t\t<\/div>\n\t\t\t\t<\/div>\n\t\t\t\t<\/div>\n\t\t<div class=\"elementor-element elementor-element-aa8c195 e-con-full e-flex e-con e-child\" data-id=\"aa8c195\" data-element_type=\"container\" data-e-type=\"container\">\n\t\t\t\t<div class=\"elementor-element elementor-element-b6f3767 elementor-position-left elementor-vertical-align-top elementor-widget elementor-widget-image-box\" data-id=\"b6f3767\" data-element_type=\"widget\" data-e-type=\"widget\" data-widget_type=\"image-box.default\">\n\t\t\t\t<div class=\"elementor-widget-container\">\n\t\t\t\t\t<div class=\"elementor-image-box-wrapper\"><figure class=\"elementor-image-box-img\"><img decoding=\"async\" src=\"https:\/\/www.botigablanquerna.com\/wp-content\/uploads\/2024\/01\/icono-lavado-enzimatico.png\" title=\"icono-lavado-enzimatico\" alt=\"icono-lavado-enzimatico\" loading=\"lazy\" \/><\/figure><div class=\"elementor-image-box-content\"><h3 class=\"elementor-image-box-title\">Lavado enzim\u00e1tico<\/h3><p class=\"elementor-image-box-description\">El lavado enzim\u00e1tico es un procedimiento textil de acabado final que se utiliza para suavizar un tejido. Aplicando enzimas de forma parcial, se consigue un tacto m\u00e1s suave y\/o se reduce o elimina la microfibra. Se aplica generalmente al algod\u00f3n, denim, tencel o seaqual.<\/p><\/div><\/div>\t\t\t\t<\/div>\n\t\t\t\t<\/div>\n\t\t\t\t<\/div>\n\t\t\t\t\t<\/div>\n\t\t\t\t<\/div>\n\t\t\t\t<\/div>\n\t\t","protected":false},"excerpt":{"rendered":"<p>Compromiso ecol\u00f3gico rPET El PET reciclado, rPET o poli\u00e9ster reciclado es un material obtenido a partir del reciclaje de materiales sobrantes. Mayoritariamente proviene del reciclaje de botellas de PET y, en menor medida, de restos industriales de poli\u00e9ster o de ropa. Vegano Acredita que el producto no contiene ingrediente animal y que est\u00e1 comprobado mediante [&hellip;]<\/p>\n","protected":false},"author":1,"featured_media":0,"parent":0,"menu_order":0,"comment_status":"closed","ping_status":"closed","template":"","meta":{"ocean_post_layout":"","ocean_both_sidebars_style":"","ocean_both_sidebars_content_width":0,"ocean_both_sidebars_sidebars_width":0,"ocean_sidebar":"","ocean_second_sidebar":"","ocean_disable_margins":"enable","ocean_add_body_class":"","ocean_shortcode_before_top_bar":"","ocean_shortcode_after_top_bar":"","ocean_shortcode_before_header":"","ocean_shortcode_after_header":"","ocean_has_shortcode":"","ocean_shortcode_after_title":"","ocean_shortcode_before_footer_widgets":"","ocean_shortcode_after_footer_widgets":"","ocean_shortcode_before_footer_bottom":"","ocean_shortcode_after_footer_bottom":"","ocean_display_top_bar":"default","ocean_display_header":"default","ocean_header_style":"","ocean_center_header_left_menu":"","ocean_custom_header_template":"","ocean_custom_logo":0,"ocean_custom_retina_logo":0,"ocean_custom_logo_max_width":0,"ocean_custom_logo_tablet_max_width":0,"ocean_custom_logo_mobile_max_width":0,"ocean_custom_logo_max_height":0,"ocean_custom_logo_tablet_max_height":0,"ocean_custom_logo_mobile_max_height":0,"ocean_header_custom_menu":"","ocean_menu_typo_font_family":"","ocean_menu_typo_font_subset":"","ocean_menu_typo_font_size":0,"ocean_menu_typo_font_size_tablet":0,"ocean_menu_typo_font_size_mobile":0,"ocean_menu_typo_font_size_unit":"px","ocean_menu_typo_font_weight":"","ocean_menu_typo_font_weight_tablet":"","ocean_menu_typo_font_weight_mobile":"","ocean_menu_typo_transform":"","ocean_menu_typo_transform_tablet":"","ocean_menu_typo_transform_mobile":"","ocean_menu_typo_line_height":0,"ocean_menu_typo_line_height_tablet":0,"ocean_menu_typo_line_height_mobile":0,"ocean_menu_typo_line_height_unit":"","ocean_menu_typo_spacing":0,"ocean_menu_typo_spacing_tablet":0,"ocean_menu_typo_spacing_mobile":0,"ocean_menu_typo_spacing_unit":"","ocean_menu_link_color":"","ocean_menu_link_color_hover":"","ocean_menu_link_color_active":"","ocean_menu_link_background":"","ocean_menu_link_hover_background":"","ocean_menu_link_active_background":"","ocean_menu_social_links_bg":"","ocean_menu_social_hover_links_bg":"","ocean_menu_social_links_color":"","ocean_menu_social_hover_links_color":"","ocean_disable_title":"default","ocean_disable_heading":"default","ocean_post_title":"","ocean_post_subheading":"","ocean_post_title_style":"","ocean_post_title_background_color":"","ocean_post_title_background":0,"ocean_post_title_bg_image_position":"","ocean_post_title_bg_image_attachment":"","ocean_post_title_bg_image_repeat":"","ocean_post_title_bg_image_size":"","ocean_post_title_height":0,"ocean_post_title_bg_overlay":0.5,"ocean_post_title_bg_overlay_color":"","ocean_disable_breadcrumbs":"default","ocean_breadcrumbs_color":"","ocean_breadcrumbs_separator_color":"","ocean_breadcrumbs_links_color":"","ocean_breadcrumbs_links_hover_color":"","ocean_display_footer_widgets":"default","ocean_display_footer_bottom":"default","ocean_custom_footer_template":"","footnotes":""},"class_list":["post-764","page","type-page","status-publish","hentry","entry","owp-thumbs-layout-horizontal","owp-btn-normal","owp-tabs-layout-horizontal","has-no-thumbnails"],"_links":{"self":[{"href":"https:\/\/www.botigablanquerna.com\/es\/wp-json\/wp\/v2\/pages\/764","targetHints":{"allow":["GET"]}}],"collection":[{"href":"https:\/\/www.botigablanquerna.com\/es\/wp-json\/wp\/v2\/pages"}],"about":[{"href":"https:\/\/www.botigablanquerna.com\/es\/wp-json\/wp\/v2\/types\/page"}],"author":[{"embeddable":true,"href":"https:\/\/www.botigablanquerna.com\/es\/wp-json\/wp\/v2\/users\/1"}],"replies":[{"embeddable":true,"href":"https:\/\/www.botigablanquerna.com\/es\/wp-json\/wp\/v2\/comments?post=764"}],"version-history":[{"count":1,"href":"https:\/\/www.botigablanquerna.com\/es\/wp-json\/wp\/v2\/pages\/764\/revisions"}],"predecessor-version":[{"id":766,"href":"https:\/\/www.botigablanquerna.com\/es\/wp-json\/wp\/v2\/pages\/764\/revisions\/766"}],"wp:attachment":[{"href":"https:\/\/www.botigablanquerna.com\/es\/wp-json\/wp\/v2\/media?parent=764"}],"curies":[{"name":"wp","href":"https:\/\/api.w.org\/{rel}","templated":true}]}}