{"id":768,"date":"2024-01-15T13:33:14","date_gmt":"2024-01-15T13:33:14","guid":{"rendered":"https:\/\/www.botigablanquerna.com\/puntos-de-entrega-gratuito\/"},"modified":"2024-03-19T20:08:41","modified_gmt":"2024-03-19T20:08:41","slug":"puntos-de-entrega-gratuito","status":"publish","type":"page","link":"https:\/\/www.botigablanquerna.com\/es\/puntos-de-entrega-gratuito\/","title":{"rendered":"Puntos de entrega gratuito"},"content":{"rendered":"\t\t<div data-elementor-type=\"wp-page\" data-elementor-id=\"768\" class=\"elementor elementor-768 elementor-293\">\n\t\t\t\t<div class=\"elementor-element elementor-element-22331a3 e-flex e-con-boxed e-con e-parent\" data-id=\"22331a3\" data-element_type=\"container\" data-e-type=\"container\">\n\t\t\t\t\t<div class=\"e-con-inner\">\n\t\t\t\t<div class=\"elementor-element elementor-element-8463de9 elementor-widget elementor-widget-spacer\" data-id=\"8463de9\" data-element_type=\"widget\" data-e-type=\"widget\" data-widget_type=\"spacer.default\">\n\t\t\t\t<div class=\"elementor-widget-container\">\n\t\t\t\t\t\t\t<div class=\"elementor-spacer\">\n\t\t\t<div class=\"elementor-spacer-inner\"><\/div>\n\t\t<\/div>\n\t\t\t\t\t\t<\/div>\n\t\t\t\t<\/div>\n\t\t\t\t<div class=\"elementor-element elementor-element-bcf0278 elementor-widget elementor-widget-heading\" data-id=\"bcf0278\" data-element_type=\"widget\" data-e-type=\"widget\" data-widget_type=\"heading.default\">\n\t\t\t\t<div class=\"elementor-widget-container\">\n\t\t\t\t\t<h2 class=\"elementor-heading-title elementor-size-default\">Puntos de entrega gratuito<\/h2>\t\t\t\t<\/div>\n\t\t\t\t<\/div>\n\t\t\t\t<div class=\"elementor-element elementor-element-cc4ffd0 elementor-widget elementor-widget-spacer\" data-id=\"cc4ffd0\" data-element_type=\"widget\" data-e-type=\"widget\" data-widget_type=\"spacer.default\">\n\t\t\t\t<div class=\"elementor-widget-container\">\n\t\t\t\t\t\t\t<div class=\"elementor-spacer\">\n\t\t\t<div class=\"elementor-spacer-inner\"><\/div>\n\t\t<\/div>\n\t\t\t\t\t\t<\/div>\n\t\t\t\t<\/div>\n\t\t\t\t\t<\/div>\n\t\t\t\t<\/div>\n\t\t<div class=\"elementor-element elementor-element-2f36f3c e-flex e-con-boxed e-con e-parent\" data-id=\"2f36f3c\" data-element_type=\"container\" data-e-type=\"container\">\n\t\t\t\t\t<div class=\"e-con-inner\">\n\t\t<div class=\"elementor-element elementor-element-4ce507c e-con-full e-flex e-con e-child\" data-id=\"4ce507c\" data-element_type=\"container\" data-e-type=\"container\">\n\t\t\t\t<div class=\"elementor-element elementor-element-5887d9c elementor-widget elementor-widget-google_maps\" data-id=\"5887d9c\" data-element_type=\"widget\" data-e-type=\"widget\" data-widget_type=\"google_maps.default\">\n\t\t\t\t<div class=\"elementor-widget-container\">\n\t\t\t\t\t\t\t<div class=\"elementor-custom-embed\">\n\t\t\t<iframe loading=\"lazy\"\n\t\t\t\t\tsrc=\"https:\/\/maps.google.com\/maps?q=Abacus%20Urquinaona%E2%80%8B%20C%2F%20d%27Ausi%C3%A0s%20Marc%2C%2016%2C%2008010%20Barcelona&#038;t=m&#038;z=15&#038;output=embed&#038;iwloc=near\"\n\t\t\t\t\ttitle=\"Abacus Urquinaona\u200b C\/ d&#039;Ausi\u00e0s Marc, 16, 08010 Barcelona\"\n\t\t\t\t\taria-label=\"Abacus Urquinaona\u200b C\/ d&#039;Ausi\u00e0s Marc, 16, 08010 Barcelona\"\n\t\t\t><\/iframe>\n\t\t<\/div>\n\t\t\t\t\t\t<\/div>\n\t\t\t\t<\/div>\n\t\t\t\t<\/div>\n\t\t<div class=\"elementor-element elementor-element-34f342b e-con-full e-flex e-con e-child\" data-id=\"34f342b\" data-element_type=\"container\" data-e-type=\"container\">\n\t\t\t\t<div class=\"elementor-element elementor-element-7ad4859 elementor-widget elementor-widget-text-editor\" data-id=\"7ad4859\" data-element_type=\"widget\" data-e-type=\"widget\" data-widget_type=\"text-editor.default\">\n\t\t\t\t<div class=\"elementor-widget-container\">\n\t\t\t\t\t\t\t\t\t<p>La tienda Blanquerna te ofrece un sistema de <strong>entrega gratuito<\/strong> en puntos espec\u00edficos de Barcelona. Podr\u00e1s recoger el pedido en:<\/p>\n\t\t\t\t\t\t\t\t<\/div>\n\t\t\t\t<\/div>\n\t\t\t\t<div class=\"elementor-element elementor-element-8dfaf48 elementor-widget elementor-widget-heading\" data-id=\"8dfaf48\" data-element_type=\"widget\" data-e-type=\"widget\" data-widget_type=\"heading.default\">\n\t\t\t\t<div class=\"elementor-widget-container\">\n\t\t\t\t\t<h2 class=\"elementor-heading-title elementor-size-default\">Abacus Urquinaona<\/h2>\t\t\t\t<\/div>\n\t\t\t\t<\/div>\n\t\t\t\t<div class=\"elementor-element elementor-element-6e559b5 elementor-widget elementor-widget-text-editor\" data-id=\"6e559b5\" data-element_type=\"widget\" data-e-type=\"widget\" data-widget_type=\"text-editor.default\">\n\t\t\t\t<div class=\"elementor-widget-container\">\n\t\t\t\t\t\t\t\t\t<p>C\/ Ausi\u00e0s Marc, 16, 08010 Barcelona<\/p>\n\t\t\t\t\t\t\t\t<\/div>\n\t\t\t\t<\/div>\n\t\t\t\t<div class=\"elementor-element elementor-element-8800212 elementor-widget elementor-widget-text-editor\" data-id=\"8800212\" data-element_type=\"widget\" data-e-type=\"widget\" data-widget_type=\"text-editor.default\">\n\t\t\t\t<div class=\"elementor-widget-container\">\n\t\t\t\t\t\t\t\t\t<p><em>Las entregas en este punto se realizan una vez por semana, de lunes a viernes. Recibir\u00e1s un correo con la fecha a partir de la cual podr\u00e1s recoger el pedido (como m\u00e1ximo ocho d\u00edas despu\u00e9s de la compra, excepto incidencias)<\/em>.<\/p>\n\t\t\t\t\t\t\t\t<\/div>\n\t\t\t\t<\/div>\n\t\t\t\t<\/div>\n\t\t\t\t\t<\/div>\n\t\t\t\t<\/div>\n\t\t<div class=\"elementor-element elementor-element-8e3da4c e-flex e-con-boxed e-con e-parent\" data-id=\"8e3da4c\" data-element_type=\"container\" data-e-type=\"container\">\n\t\t\t\t\t<div class=\"e-con-inner\">\n\t\t<div class=\"elementor-element elementor-element-33bd014 e-con-full e-flex e-con e-child\" data-id=\"33bd014\" data-element_type=\"container\" data-e-type=\"container\">\n\t\t\t\t<div class=\"elementor-element elementor-element-ded4697 elementor-widget elementor-widget-heading\" data-id=\"ded4697\" data-element_type=\"widget\" data-e-type=\"widget\" data-widget_type=\"heading.default\">\n\t\t\t\t<div class=\"elementor-widget-container\">\n\t\t\t\t\t<h2 class=\"elementor-heading-title elementor-size-default\">Facultad de Psicolog\u00eda, Ciencias de la Educaci\u00f3n y del Deporte Blanquerna-URL<\/h2>\t\t\t\t<\/div>\n\t\t\t\t<\/div>\n\t\t\t\t<div class=\"elementor-element elementor-element-cdf9e3e elementor-widget elementor-widget-text-editor\" data-id=\"cdf9e3e\" data-element_type=\"widget\" data-e-type=\"widget\" data-widget_type=\"text-editor.default\">\n\t\t\t\t<div class=\"elementor-widget-container\">\n\t\t\t\t\t\t\t\t\t<p style=\"font-weight: 400;\">Calle C\u00edster 34.  <span style=\"font-size: 15px; color: var( --e-global-color-text ); text-align: var(--text-align);\">08022 Barcelona  <\/span><\/p>\n\t\t\t\t\t\t\t\t<\/div>\n\t\t\t\t<\/div>\n\t\t\t\t<div class=\"elementor-element elementor-element-b24455c elementor-widget elementor-widget-text-editor\" data-id=\"b24455c\" data-element_type=\"widget\" data-e-type=\"widget\" data-widget_type=\"text-editor.default\">\n\t\t\t\t<div class=\"elementor-widget-container\">\n\t\t\t\t\t\t\t\t\t<p><em>Las entregas en este punto se realizan una vez por semana, de lunes a viernes. Recibir\u00e1s un correo con la fecha a partir de la cual podr\u00e1s recoger el pedido (como m\u00e1ximo ocho d\u00edas despu\u00e9s de la compra, excepto incidencias)<\/em>.<\/p>\n\t\t\t\t\t\t\t\t<\/div>\n\t\t\t\t<\/div>\n\t\t\t\t<\/div>\n\t\t<div class=\"elementor-element elementor-element-fb07b47 e-con-full e-flex e-con e-child\" data-id=\"fb07b47\" data-element_type=\"container\" data-e-type=\"container\">\n\t\t\t\t<div class=\"elementor-element elementor-element-92dd311 elementor-widget elementor-widget-google_maps\" data-id=\"92dd311\" data-element_type=\"widget\" data-e-type=\"widget\" data-widget_type=\"google_maps.default\">\n\t\t\t\t<div class=\"elementor-widget-container\">\n\t\t\t\t\t\t\t<div class=\"elementor-custom-embed\">\n\t\t\t<iframe loading=\"lazy\"\n\t\t\t\t\tsrc=\"https:\/\/maps.google.com\/maps?q=Facultat%20de%20Psicologia%2C%20Ci%C3%A8ncies%20de%20l%27Educaci%C3%B3%20i%20de%20l%27Esport%20Blanquerna-URL%20Carrer%20C%C3%ADster%2034.%20Barcelona%2008022&#038;t=m&#038;z=15&#038;output=embed&#038;iwloc=near\"\n\t\t\t\t\ttitle=\"Facultat de Psicologia, Ci\u00e8ncies de l&#039;Educaci\u00f3 i de l&#039;Esport Blanquerna-URL Carrer C\u00edster 34. Barcelona 08022\"\n\t\t\t\t\taria-label=\"Facultat de Psicologia, Ci\u00e8ncies de l&#039;Educaci\u00f3 i de l&#039;Esport Blanquerna-URL Carrer C\u00edster 34. Barcelona 08022\"\n\t\t\t><\/iframe>\n\t\t<\/div>\n\t\t\t\t\t\t<\/div>\n\t\t\t\t<\/div>\n\t\t\t\t<\/div>\n\t\t\t\t\t<\/div>\n\t\t\t\t<\/div>\n\t\t<div class=\"elementor-element elementor-element-c2dbd0b e-flex e-con-boxed e-con e-parent\" data-id=\"c2dbd0b\" data-element_type=\"container\" data-e-type=\"container\">\n\t\t\t\t\t<div class=\"e-con-inner\">\n\t\t<div class=\"elementor-element elementor-element-3209ff8 e-con-full e-flex e-con e-child\" data-id=\"3209ff8\" data-element_type=\"container\" data-e-type=\"container\">\n\t\t\t\t<div class=\"elementor-element elementor-element-8bd6dc7 elementor-widget elementor-widget-google_maps\" data-id=\"8bd6dc7\" data-element_type=\"widget\" data-e-type=\"widget\" data-widget_type=\"google_maps.default\">\n\t\t\t\t<div class=\"elementor-widget-container\">\n\t\t\t\t\t\t\t<div class=\"elementor-custom-embed\">\n\t\t\t<iframe loading=\"lazy\"\n\t\t\t\t\tsrc=\"https:\/\/maps.google.com\/maps?q=Facultat%20de%20Ci%C3%A8ncies%20de%20la%20Salut%20Blanquerna-URL%20Carrer%20Padilla%20326%20Barcelona%2008025&#038;t=m&#038;z=15&#038;output=embed&#038;iwloc=near\"\n\t\t\t\t\ttitle=\"Facultat de Ci\u00e8ncies de la Salut Blanquerna-URL Carrer Padilla 326 Barcelona 08025\"\n\t\t\t\t\taria-label=\"Facultat de Ci\u00e8ncies de la Salut Blanquerna-URL Carrer Padilla 326 Barcelona 08025\"\n\t\t\t><\/iframe>\n\t\t<\/div>\n\t\t\t\t\t\t<\/div>\n\t\t\t\t<\/div>\n\t\t\t\t<\/div>\n\t\t<div class=\"elementor-element elementor-element-182cf67 e-con-full e-flex e-con e-child\" data-id=\"182cf67\" data-element_type=\"container\" data-e-type=\"container\">\n\t\t\t\t<div class=\"elementor-element elementor-element-3cfb5d9 elementor-widget elementor-widget-heading\" data-id=\"3cfb5d9\" data-element_type=\"widget\" data-e-type=\"widget\" data-widget_type=\"heading.default\">\n\t\t\t\t<div class=\"elementor-widget-container\">\n\t\t\t\t\t<h2 class=\"elementor-heading-title elementor-size-default\">Facultad de Ciencias de la Salud&nbsp; Blanquerna-URL<\/h2>\t\t\t\t<\/div>\n\t\t\t\t<\/div>\n\t\t\t\t<div class=\"elementor-element elementor-element-04ff574 elementor-widget elementor-widget-text-editor\" data-id=\"04ff574\" data-element_type=\"widget\" data-e-type=\"widget\" data-widget_type=\"text-editor.default\">\n\t\t\t\t<div class=\"elementor-widget-container\">\n\t\t\t\t\t\t\t\t\t<p style=\"font-weight: 400;\">Calle Padilla 326. 08025 Barcelona  <\/p>\n\t\t\t\t\t\t\t\t<\/div>\n\t\t\t\t<\/div>\n\t\t\t\t<div class=\"elementor-element elementor-element-f56e4f9 elementor-widget elementor-widget-text-editor\" data-id=\"f56e4f9\" data-element_type=\"widget\" data-e-type=\"widget\" data-widget_type=\"text-editor.default\">\n\t\t\t\t<div class=\"elementor-widget-container\">\n\t\t\t\t\t\t\t\t\t<p><em>Las entregas en este punto se realizan una vez por semana, de lunes a viernes. Recibir\u00e1s un correo con la fecha a partir de la cual podr\u00e1s recoger el pedido (como m\u00e1ximo ocho d\u00edas despu\u00e9s de la compra, excepto incidencias)<\/em>.<\/p>\n\t\t\t\t\t\t\t\t<\/div>\n\t\t\t\t<\/div>\n\t\t\t\t<\/div>\n\t\t\t\t\t<\/div>\n\t\t\t\t<\/div>\n\t\t<div class=\"elementor-element elementor-element-28f3a86 e-flex e-con-boxed e-con e-parent\" data-id=\"28f3a86\" data-element_type=\"container\" data-e-type=\"container\">\n\t\t\t\t\t<div class=\"e-con-inner\">\n\t\t<div class=\"elementor-element elementor-element-6d855ba e-con-full e-flex e-con e-child\" data-id=\"6d855ba\" data-element_type=\"container\" data-e-type=\"container\">\n\t\t\t\t<div class=\"elementor-element elementor-element-6a8e2cd elementor-widget elementor-widget-heading\" data-id=\"6a8e2cd\" data-element_type=\"widget\" data-e-type=\"widget\" data-widget_type=\"heading.default\">\n\t\t\t\t<div class=\"elementor-widget-container\">\n\t\t\t\t\t<h2 class=\"elementor-heading-title elementor-size-default\">Facultad de Comunicaci\u00f3n y Relaciones Internacionales Blanquerna-URL<\/h2>\t\t\t\t<\/div>\n\t\t\t\t<\/div>\n\t\t\t\t<div class=\"elementor-element elementor-element-5f355b7 elementor-widget elementor-widget-text-editor\" data-id=\"5f355b7\" data-element_type=\"widget\" data-e-type=\"widget\" data-widget_type=\"text-editor.default\">\n\t\t\t\t<div class=\"elementor-widget-container\">\n\t\t\t\t\t\t\t\t\t<p style=\"font-weight: 400;\">Plaza Joan Coromines s\/n. 08001 Barcelona  <\/p>\n\t\t\t\t\t\t\t\t<\/div>\n\t\t\t\t<\/div>\n\t\t\t\t<div class=\"elementor-element elementor-element-d3aa696 elementor-widget elementor-widget-text-editor\" data-id=\"d3aa696\" data-element_type=\"widget\" data-e-type=\"widget\" data-widget_type=\"text-editor.default\">\n\t\t\t\t<div class=\"elementor-widget-container\">\n\t\t\t\t\t\t\t\t\t<p><em>Las entregas en este punto se realizan una vez por semana, de lunes a viernes. Recibir\u00e1s un correo con la fecha a partir de la cual podr\u00e1s recoger el pedido (como m\u00e1ximo ocho d\u00edas despu\u00e9s de la compra, excepto incidencias)<\/em>.<\/p>\n\t\t\t\t\t\t\t\t<\/div>\n\t\t\t\t<\/div>\n\t\t\t\t<\/div>\n\t\t<div class=\"elementor-element elementor-element-fa7289e e-con-full e-flex e-con e-child\" data-id=\"fa7289e\" data-element_type=\"container\" data-e-type=\"container\">\n\t\t\t\t<div class=\"elementor-element elementor-element-5efde0a elementor-widget elementor-widget-google_maps\" data-id=\"5efde0a\" data-element_type=\"widget\" data-e-type=\"widget\" data-widget_type=\"google_maps.default\">\n\t\t\t\t<div class=\"elementor-widget-container\">\n\t\t\t\t\t\t\t<div class=\"elementor-custom-embed\">\n\t\t\t<iframe loading=\"lazy\"\n\t\t\t\t\tsrc=\"https:\/\/maps.google.com\/maps?q=Facultat%20de%20Comunicaci%C3%B3%20i%20Relacions%20Internacionals%20Blanquerna-URL%20Pla%C3%A7a%20Joan%20Coromines%20s%2Fn%20Barcelona%2008001&#038;t=m&#038;z=16&#038;output=embed&#038;iwloc=near\"\n\t\t\t\t\ttitle=\"Facultat de Comunicaci\u00f3 i Relacions Internacionals Blanquerna-URL Pla\u00e7a Joan Coromines s\/n Barcelona 08001\"\n\t\t\t\t\taria-label=\"Facultat de Comunicaci\u00f3 i Relacions Internacionals Blanquerna-URL Pla\u00e7a Joan Coromines s\/n Barcelona 08001\"\n\t\t\t><\/iframe>\n\t\t<\/div>\n\t\t\t\t\t\t<\/div>\n\t\t\t\t<\/div>\n\t\t\t\t<\/div>\n\t\t\t\t\t<\/div>\n\t\t\t\t<\/div>\n\t\t<div class=\"elementor-element elementor-element-f6b391f e-flex e-con-boxed e-con e-parent\" data-id=\"f6b391f\" data-element_type=\"container\" data-e-type=\"container\" data-settings=\"{&quot;background_background&quot;:&quot;classic&quot;}\">\n\t\t\t\t\t<div class=\"e-con-inner\">\n\t\t\t\t<div class=\"elementor-element elementor-element-132ce0e elementor-widget elementor-widget-heading\" data-id=\"132ce0e\" data-element_type=\"widget\" data-e-type=\"widget\" data-widget_type=\"heading.default\">\n\t\t\t\t<div class=\"elementor-widget-container\">\n\t\t\t\t\t<h2 class=\"elementor-heading-title elementor-size-default\">Env\u00edos con portes a cargo del usuario<\/h2>\t\t\t\t<\/div>\n\t\t\t\t<\/div>\n\t\t\t\t\t<\/div>\n\t\t\t\t<\/div>\n\t\t<div class=\"elementor-element elementor-element-88b138a e-flex e-con-boxed e-con e-parent\" data-id=\"88b138a\" data-element_type=\"container\" data-e-type=\"container\" data-settings=\"{&quot;background_background&quot;:&quot;classic&quot;}\">\n\t\t\t\t\t<div class=\"e-con-inner\">\n\t\t<div class=\"elementor-element elementor-element-032631d e-con-full e-flex e-con e-child\" data-id=\"032631d\" data-element_type=\"container\" data-e-type=\"container\">\n\t\t\t\t<div class=\"elementor-element elementor-element-e294b34 elementor-widget__width-initial elementor-widget elementor-widget-text-editor\" data-id=\"e294b34\" data-element_type=\"widget\" data-e-type=\"widget\" data-widget_type=\"text-editor.default\">\n\t\t\t\t<div class=\"elementor-widget-container\">\n\t\t\t\t\t\t\t\t\t<p>La tienda Blanquerna tambi\u00e9n ofrece un sistema de entrega con <strong>portes a cargo del usuario<\/strong> para enviar el pedido a la direcci\u00f3n que te convenga.<\/p>\n<p>Si has elegido este tipo de env\u00edo no te olvides de indicarnos la direcci\u00f3n de entrega en el apartado &#8216;Direcci\u00f3n de entrega&#8217; cuando hagas el pedido, adem\u00e1s de activar la opci\u00f3n correspondiente del formulario que se ofrece .<\/p>\n\t\t\t\t\t\t\t\t<\/div>\n\t\t\t\t<\/div>\n\t\t\t\t<\/div>\n\t\t<div class=\"elementor-element elementor-element-f360036 e-con-full e-flex e-con e-child\" data-id=\"f360036\" data-element_type=\"container\" data-e-type=\"container\">\n\t\t\t\t<div class=\"elementor-element elementor-element-86beba1 elementor-widget elementor-widget-text-editor\" data-id=\"86beba1\" data-element_type=\"widget\" data-e-type=\"widget\" data-widget_type=\"text-editor.default\">\n\t\t\t\t<div class=\"elementor-widget-container\">\n\t\t\t\t\t\t\t\t\t<p>A la hora de seleccionar la direcci\u00f3n de env\u00edo, recuerda elegir una en la que haya alguien habitualmente<\/p>\n<p>Recuerda que la tienda Blanquerna te permite realizar el env\u00edo del pedido a una direcci\u00f3n diferente de la direcci\u00f3n de facturaci\u00f3n, cuyos datos deber\u00e1s introducir en un formulario diferente.<\/p>\n\t\t\t\t\t\t\t\t<\/div>\n\t\t\t\t<\/div>\n\t\t\t\t<\/div>\n\t\t\t\t\t<\/div>\n\t\t\t\t<\/div>\n\t\t<div class=\"elementor-element elementor-element-a5fa6ef e-flex e-con-boxed e-con e-parent\" data-id=\"a5fa6ef\" data-element_type=\"container\" data-e-type=\"container\">\n\t\t\t\t\t<div class=\"e-con-inner\">\n\t\t<div class=\"elementor-element elementor-element-e0fa4b8 e-con-full e-flex e-con e-child\" data-id=\"e0fa4b8\" data-element_type=\"container\" data-e-type=\"container\">\n\t\t\t\t<div class=\"elementor-element elementor-element-cbd70ec elementor-widget elementor-widget-heading\" data-id=\"cbd70ec\" data-element_type=\"widget\" data-e-type=\"widget\" data-widget_type=\"heading.default\">\n\t\t\t\t<div class=\"elementor-widget-container\">\n\t\t\t\t\t<h2 class=\"elementor-heading-title elementor-size-default\">\u00bfQu\u00e9 puedes hacer si no te llega el pedido?<\/h2>\t\t\t\t<\/div>\n\t\t\t\t<\/div>\n\t\t\t\t<div class=\"elementor-element elementor-element-3ada8e2 elementor-widget elementor-widget-text-editor\" data-id=\"3ada8e2\" data-element_type=\"widget\" data-e-type=\"widget\" data-widget_type=\"text-editor.default\">\n\t\t\t\t<div class=\"elementor-widget-container\">\n\t\t\t\t\t\t\t\t\t<p>Si el pedido no te llega a la direcci\u00f3n que has indicado y te registraste previamente o durante la compra, puedes consultar el estado a trav\u00e9s de la plataforma virtual o ponerte en contacto con nosotros a trav\u00e9s de la p\u00e1gina &#8216; Contacto&#8217;.<\/p>\n<p>Si no te registraste cuando hiciste el pedido, contacta con nosotros a trav\u00e9s de la p\u00e1gina &#8216;Contacto&#8217;.<\/p>\n\t\t\t\t\t\t\t\t<\/div>\n\t\t\t\t<\/div>\n\t\t\t\t<div class=\"elementor-element elementor-element-7d0c2be elementor-align-center elementor-widget elementor-widget-button\" data-id=\"7d0c2be\" data-element_type=\"widget\" data-e-type=\"widget\" data-widget_type=\"button.default\">\n\t\t\t\t<div class=\"elementor-widget-container\">\n\t\t\t\t\t\t\t\t\t<div class=\"elementor-button-wrapper\">\n\t\t\t\t\t<a class=\"elementor-button elementor-button-link elementor-size-xl\" href=\"https:\/\/www.botigablanquerna.com\/es\/?page_id=724\">\n\t\t\t\t\t\t<span class=\"elementor-button-content-wrapper\">\n\t\t\t\t\t\t\t\t\t<span class=\"elementor-button-text\">CONTACTA CON NOSOTROS<\/span>\n\t\t\t\t\t<\/span>\n\t\t\t\t\t<\/a>\n\t\t\t\t<\/div>\n\t\t\t\t\t\t\t\t<\/div>\n\t\t\t\t<\/div>\n\t\t\t\t<\/div>\n\t\t<div class=\"elementor-element elementor-element-ad1affa e-con-full e-flex e-con e-child\" data-id=\"ad1affa\" data-element_type=\"container\" data-e-type=\"container\">\n\t\t\t\t<div class=\"elementor-element elementor-element-3b060c2 elementor-widget elementor-widget-heading\" data-id=\"3b060c2\" data-element_type=\"widget\" data-e-type=\"widget\" data-widget_type=\"heading.default\">\n\t\t\t\t<div class=\"elementor-widget-container\">\n\t\t\t\t\t<h2 class=\"elementor-heading-title elementor-size-default\">Registrarse<\/h2>\t\t\t\t<\/div>\n\t\t\t\t<\/div>\n\t\t\t\t<div class=\"elementor-element elementor-element-ddc2450 elementor-widget elementor-widget-text-editor\" data-id=\"ddc2450\" data-element_type=\"widget\" data-e-type=\"widget\" data-widget_type=\"text-editor.default\">\n\t\t\t\t<div class=\"elementor-widget-container\">\n\t\t\t\t\t\t\t\t\t<p>La tienda Blanquerna te recomienda que te registres como usuario de la tienda virtual, de cara a futuras compras y para poder realizar un seguimiento de la evoluci\u00f3n del pedido.<\/p>\n<p>Una vez registrado, podr\u00e1s identificarte siempre que quieras para administrar los datos principales de facturaci\u00f3n o la direcci\u00f3n de entrega, cambiar la contrase\u00f1a o ver el estado del pedido.<\/p>\n<p>A la hora de seleccionar la direcci\u00f3n de env\u00edo, recuerda elegir una en la que haya alguien habitualmente<\/p>\n<p>Recuerda que la tienda Blanquerna te permite realizar el env\u00edo del pedido a una direcci\u00f3n diferente de la direcci\u00f3n de facturaci\u00f3n, cuyos datos deber\u00e1s introducir en un formulario diferente.<\/p>\n\t\t\t\t\t\t\t\t<\/div>\n\t\t\t\t<\/div>\n\t\t\t\t<\/div>\n\t\t\t\t\t<\/div>\n\t\t\t\t<\/div>\n\t\t\t\t<\/div>\n\t\t","protected":false},"excerpt":{"rendered":"<p>Puntos de entrega gratuito La tienda Blanquerna te ofrece un sistema de entrega gratuito en puntos espec\u00edficos de Barcelona. Podr\u00e1s recoger el pedido en: Abacus Urquinaona C\/ Ausi\u00e0s Marc, 16, 08010 Barcelona Las entregas en este punto se realizan una vez por semana, de lunes a viernes. Recibir\u00e1s un correo con la fecha a partir [&hellip;]<\/p>\n","protected":false},"author":1,"featured_media":0,"parent":0,"menu_order":0,"comment_status":"closed","ping_status":"closed","template":"","meta":{"ocean_post_layout":"","ocean_both_sidebars_style":"","ocean_both_sidebars_content_width":0,"ocean_both_sidebars_sidebars_width":0,"ocean_sidebar":"","ocean_second_sidebar":"","ocean_disable_margins":"enable","ocean_add_body_class":"","ocean_shortcode_before_top_bar":"","ocean_shortcode_after_top_bar":"","ocean_shortcode_before_header":"","ocean_shortcode_after_header":"","ocean_has_shortcode":"","ocean_shortcode_after_title":"","ocean_shortcode_before_footer_widgets":"","ocean_shortcode_after_footer_widgets":"","ocean_shortcode_before_footer_bottom":"","ocean_shortcode_after_footer_bottom":"","ocean_display_top_bar":"default","ocean_display_header":"default","ocean_header_style":"","ocean_center_header_left_menu":"","ocean_custom_header_template":"","ocean_custom_logo":0,"ocean_custom_retina_logo":0,"ocean_custom_logo_max_width":0,"ocean_custom_logo_tablet_max_width":0,"ocean_custom_logo_mobile_max_width":0,"ocean_custom_logo_max_height":0,"ocean_custom_logo_tablet_max_height":0,"ocean_custom_logo_mobile_max_height":0,"ocean_header_custom_menu":"","ocean_menu_typo_font_family":"","ocean_menu_typo_font_subset":"","ocean_menu_typo_font_size":0,"ocean_menu_typo_font_size_tablet":0,"ocean_menu_typo_font_size_mobile":0,"ocean_menu_typo_font_size_unit":"px","ocean_menu_typo_font_weight":"","ocean_menu_typo_font_weight_tablet":"","ocean_menu_typo_font_weight_mobile":"","ocean_menu_typo_transform":"","ocean_menu_typo_transform_tablet":"","ocean_menu_typo_transform_mobile":"","ocean_menu_typo_line_height":0,"ocean_menu_typo_line_height_tablet":0,"ocean_menu_typo_line_height_mobile":0,"ocean_menu_typo_line_height_unit":"","ocean_menu_typo_spacing":0,"ocean_menu_typo_spacing_tablet":0,"ocean_menu_typo_spacing_mobile":0,"ocean_menu_typo_spacing_unit":"","ocean_menu_link_color":"","ocean_menu_link_color_hover":"","ocean_menu_link_color_active":"","ocean_menu_link_background":"","ocean_menu_link_hover_background":"","ocean_menu_link_active_background":"","ocean_menu_social_links_bg":"","ocean_menu_social_hover_links_bg":"","ocean_menu_social_links_color":"","ocean_menu_social_hover_links_color":"","ocean_disable_title":"default","ocean_disable_heading":"default","ocean_post_title":"","ocean_post_subheading":"","ocean_post_title_style":"","ocean_post_title_background_color":"","ocean_post_title_background":0,"ocean_post_title_bg_image_position":"","ocean_post_title_bg_image_attachment":"","ocean_post_title_bg_image_repeat":"","ocean_post_title_bg_image_size":"","ocean_post_title_height":0,"ocean_post_title_bg_overlay":0.5,"ocean_post_title_bg_overlay_color":"","ocean_disable_breadcrumbs":"default","ocean_breadcrumbs_color":"","ocean_breadcrumbs_separator_color":"","ocean_breadcrumbs_links_color":"","ocean_breadcrumbs_links_hover_color":"","ocean_display_footer_widgets":"default","ocean_display_footer_bottom":"default","ocean_custom_footer_template":"","footnotes":""},"class_list":["post-768","page","type-page","status-publish","hentry","entry","owp-thumbs-layout-horizontal","owp-btn-normal","owp-tabs-layout-horizontal","has-no-thumbnails"],"_links":{"self":[{"href":"https:\/\/www.botigablanquerna.com\/es\/wp-json\/wp\/v2\/pages\/768","targetHints":{"allow":["GET"]}}],"collection":[{"href":"https:\/\/www.botigablanquerna.com\/es\/wp-json\/wp\/v2\/pages"}],"about":[{"href":"https:\/\/www.botigablanquerna.com\/es\/wp-json\/wp\/v2\/types\/page"}],"author":[{"embeddable":true,"href":"https:\/\/www.botigablanquerna.com\/es\/wp-json\/wp\/v2\/users\/1"}],"replies":[{"embeddable":true,"href":"https:\/\/www.botigablanquerna.com\/es\/wp-json\/wp\/v2\/comments?post=768"}],"version-history":[{"count":4,"href":"https:\/\/www.botigablanquerna.com\/es\/wp-json\/wp\/v2\/pages\/768\/revisions"}],"predecessor-version":[{"id":1065,"href":"https:\/\/www.botigablanquerna.com\/es\/wp-json\/wp\/v2\/pages\/768\/revisions\/1065"}],"wp:attachment":[{"href":"https:\/\/www.botigablanquerna.com\/es\/wp-json\/wp\/v2\/media?parent=768"}],"curies":[{"name":"wp","href":"https:\/\/api.w.org\/{rel}","templated":true}]}}