{"id":804,"date":"2024-03-16T16:25:40","date_gmt":"2024-03-16T16:25:40","guid":{"rendered":"https:\/\/www.botigablanquerna.com\/producto\/sin%20categor\u00eda\/sudadera-granate\/"},"modified":"2025-09-15T07:36:32","modified_gmt":"2025-09-15T07:36:32","slug":"sudadera-granate","status":"publish","type":"product","link":"https:\/\/www.botigablanquerna.com\/es\/producte\/sudadera-granate\/","title":{"rendered":"Sudadera granate"},"content":{"rendered":"<p><span lang=\"ES\">Sudadera con capucha unisex de color granate y logo blanco en el pecho. <\/span><span lang=\"EN-US\">Felpa colgada de 3 hilos con tratamiento LSF (Low Shrinkage Fleece). <\/span><span lang=\"EN-US\">Lavado enzim\u00e1tico. <\/span><span lang=\"ES\">Corte recto. Para un mejor acabado canal\u00e9 1\u00d71 tubular en pu\u00f1os y bajo de la prenda. <\/span><span lang=\"ES\">Bolsillo canguro. Capucha forrada 100% algod\u00f3n jersey de 180g. Tira cubre costuras de jersey a tono y acabado de media luna en la parte interior del cuello. Doble repunte en cuello, pu\u00f1os y bajo de la pieza.<\/span> <u><\/u><u><\/u><\/p>\n<p><img decoding=\"async\" class=\"wp-image-14832 alignleft\" src=\"http:\/\/upc-shop.com\/wp-content\/uploads\/2023\/06\/icono-oetko-grey-1-300x106.png\" alt=\"\" width=\"84\" height=\"30\" \/><img decoding=\"async\" class=\"wp-image-14839 alignleft\" src=\"http:\/\/upc-shop.com\/wp-content\/uploads\/2023\/07\/icono-algodon-organico-100-300x300.png\" alt=\"\" width=\"40\" height=\"40\" \/><img decoding=\"async\" class=\"wp-image-14842 alignleft\" src=\"http:\/\/upc-shop.com\/wp-content\/uploads\/2023\/07\/icono-GOTS_grey.png\" alt=\"\" width=\"40\" height=\"40\" \/><img loading=\"lazy\" decoding=\"async\" class=\"wp-image-14845 alignleft\" src=\"http:\/\/upc-shop.com\/wp-content\/uploads\/2023\/07\/icono-poliester-reciclado-300x300.png\" alt=\"\" width=\"40\" height=\"40\" \/><img loading=\"lazy\" decoding=\"async\" class=\"alignnone wp-image-3151\" src=\"http:\/\/www.uocshop.com\/wp-content\/uploads\/2023\/06\/LOGO-COMPROMIS-SOCIAL-287x300.png\" sizes=\"(max-width: 39px) 100vw, 39px\" srcset=\"https:\/\/www.uocshop.com\/wp-content\/uploads\/2023\/06\/LOGO-COMPROMIS-SOCIAL-287x300.png 287w, https:\/\/www.uocshop.com\/wp-content\/uploads\/2023\/06\/LOGO-COMPROMIS-SOCIAL-768x803.png 768w, https:\/\/www.uocshop.com\/wp-content\/uploads\/2023\/06\/LOGO-COMPROMIS-SOCIAL-600x628.png 600w, https:\/\/www.uocshop.com\/wp-content\/uploads\/2023\/06\/LOGO-COMPROMIS-SOCIAL.png 847w\" alt=\"\" width=\"39\" height=\"41\" \/><\/p>\n<p><strong><span lang=\"ES\">Material:<\/span><\/strong><span lang=\"ES\"> 85% algod\u00f3n org\u00e1nico \/ 15% poli\u00e9ster<\/span><\/p>\n","protected":false},"excerpt":{"rendered":"<p>Sudadera con capucha unisex de color granate y logo blanco en el pecho. Felpa colgada de 3 hilos con tratamiento LSF (Low Shrinkage Fleece). Lavado enzim\u00e1tico. Corte recto. Para un mejor acabado canal\u00e9 1\u00d71 tubular en pu\u00f1os y bajo de la prenda. Bolsillo canguro. Capucha forrada 100% algod\u00f3n jersey de 180g. Tira cubre costuras de [&hellip;]<\/p>\n","protected":false},"featured_media":680,"comment_status":"open","ping_status":"closed","template":"","meta":{"ocean_post_layout":"","ocean_both_sidebars_style":"","ocean_both_sidebars_content_width":0,"ocean_both_sidebars_sidebars_width":0,"ocean_sidebar":"0","ocean_second_sidebar":"0","ocean_disable_margins":"enable","ocean_add_body_class":"","ocean_shortcode_before_top_bar":"","ocean_shortcode_after_top_bar":"","ocean_shortcode_before_header":"","ocean_shortcode_after_header":"","ocean_has_shortcode":"","ocean_shortcode_after_title":"","ocean_shortcode_before_footer_widgets":"","ocean_shortcode_after_footer_widgets":"","ocean_shortcode_before_footer_bottom":"","ocean_shortcode_after_footer_bottom":"","ocean_display_top_bar":"default","ocean_display_header":"default","ocean_header_style":"","ocean_center_header_left_menu":"0","ocean_custom_header_template":"0","ocean_custom_logo":0,"ocean_custom_retina_logo":0,"ocean_custom_logo_max_width":0,"ocean_custom_logo_tablet_max_width":0,"ocean_custom_logo_mobile_max_width":0,"ocean_custom_logo_max_height":0,"ocean_custom_logo_tablet_max_height":0,"ocean_custom_logo_mobile_max_height":0,"ocean_header_custom_menu":"0","ocean_menu_typo_font_family":"0","ocean_menu_typo_font_subset":"","ocean_menu_typo_font_size":0,"ocean_menu_typo_font_size_tablet":0,"ocean_menu_typo_font_size_mobile":0,"ocean_menu_typo_font_size_unit":"px","ocean_menu_typo_font_weight":"","ocean_menu_typo_font_weight_tablet":"","ocean_menu_typo_font_weight_mobile":"","ocean_menu_typo_transform":"","ocean_menu_typo_transform_tablet":"","ocean_menu_typo_transform_mobile":"","ocean_menu_typo_line_height":0,"ocean_menu_typo_line_height_tablet":0,"ocean_menu_typo_line_height_mobile":0,"ocean_menu_typo_line_height_unit":"","ocean_menu_typo_spacing":0,"ocean_menu_typo_spacing_tablet":0,"ocean_menu_typo_spacing_mobile":0,"ocean_menu_typo_spacing_unit":"","ocean_menu_link_color":"","ocean_menu_link_color_hover":"","ocean_menu_link_color_active":"","ocean_menu_link_background":"","ocean_menu_link_hover_background":"","ocean_menu_link_active_background":"","ocean_menu_social_links_bg":"","ocean_menu_social_hover_links_bg":"","ocean_menu_social_links_color":"","ocean_menu_social_hover_links_color":"","ocean_disable_title":"default","ocean_disable_heading":"default","ocean_post_title":"","ocean_post_subheading":"","ocean_post_title_style":"","ocean_post_title_background_color":"","ocean_post_title_background":0,"ocean_post_title_bg_image_position":"","ocean_post_title_bg_image_attachment":"","ocean_post_title_bg_image_repeat":"","ocean_post_title_bg_image_size":"","ocean_post_title_height":0,"ocean_post_title_bg_overlay":0.5,"ocean_post_title_bg_overlay_color":"","ocean_disable_breadcrumbs":"default","ocean_breadcrumbs_color":"","ocean_breadcrumbs_separator_color":"","ocean_breadcrumbs_links_color":"","ocean_breadcrumbs_links_hover_color":"","ocean_display_footer_widgets":"default","ocean_display_footer_bottom":"default","ocean_custom_footer_template":"0"},"product_brand":[],"product_cat":[45],"product_tag":[],"class_list":{"0":"post-804","1":"product","2":"type-product","3":"status-publish","4":"has-post-thumbnail","6":"product_cat-textil-es","8":"entry","9":"has-media","11":"first","12":"instock","13":"taxable","14":"shipping-taxable","15":"purchasable","16":"product-type-variable","17":"col","18":"span_1_of_3","19":"owp-content-left","20":"item-entry","21":"owp-thumbs-layout-horizontal","22":"owp-btn-normal","23":"owp-tabs-layout-horizontal","24":"has-no-thumbnails"},"_links":{"self":[{"href":"https:\/\/www.botigablanquerna.com\/es\/wp-json\/wp\/v2\/product\/804","targetHints":{"allow":["GET"]}}],"collection":[{"href":"https:\/\/www.botigablanquerna.com\/es\/wp-json\/wp\/v2\/product"}],"about":[{"href":"https:\/\/www.botigablanquerna.com\/es\/wp-json\/wp\/v2\/types\/product"}],"replies":[{"embeddable":true,"href":"https:\/\/www.botigablanquerna.com\/es\/wp-json\/wp\/v2\/comments?post=804"}],"wp:featuredmedia":[{"embeddable":true,"href":"https:\/\/www.botigablanquerna.com\/es\/wp-json\/wp\/v2\/media\/680"}],"wp:attachment":[{"href":"https:\/\/www.botigablanquerna.com\/es\/wp-json\/wp\/v2\/media?parent=804"}],"wp:term":[{"taxonomy":"product_brand","embeddable":true,"href":"https:\/\/www.botigablanquerna.com\/es\/wp-json\/wp\/v2\/product_brand?post=804"},{"taxonomy":"product_cat","embeddable":true,"href":"https:\/\/www.botigablanquerna.com\/es\/wp-json\/wp\/v2\/product_cat?post=804"},{"taxonomy":"product_tag","embeddable":true,"href":"https:\/\/www.botigablanquerna.com\/es\/wp-json\/wp\/v2\/product_tag?post=804"}],"curies":[{"name":"wp","href":"https:\/\/api.w.org\/{rel}","templated":true}]}}